{"id":46,"date":"2023-08-08T16:57:18","date_gmt":"2023-08-08T16:57:18","guid":{"rendered":"https:\/\/defiscalisant.com\/?page_id=46"},"modified":"2023-08-27T09:15:41","modified_gmt":"2023-08-27T09:15:41","slug":"kontakty","status":"publish","type":"page","link":"https:\/\/kesslerkeener.org\/de\/kontakty\/","title":{"rendered":"Kontakte"},"content":{"rendered":"<p>Ich verf\u00fcge \u00fcber Informationen \u00fcber die meisten popul\u00e4ren und gesicherten Daten f\u00fcr die \u00dcberwachung von Auditoren. In diesen Statistiken finden Sie die gleichen aktuellen Neuigkeiten aus vielen Webkameras und interessanten Geschichten \u00fcber beliebte Netzwerke. Wenn Sie eine Nachricht oder eine Erg\u00e4nzung zum Thema der Website erhalten haben, klicken Sie bitte auf die entsprechenden Namen!<\/p>\n\n<div class=\"wpcf7 no-js\" id=\"wpcf7-f60-o1\" lang=\"ru-RU\" dir=\"ltr\">\n<div class=\"screen-reader-response\"><p role=\"status\" aria-live=\"polite\" aria-atomic=\"true\"><\/p> <ul><\/ul><\/div>\n<form action=\"\/de\/wp-json\/wp\/v2\/pages\/46#wpcf7-f60-o1\" method=\"post\" class=\"wpcf7-form init\" aria-label=\"\u041a\u043e\u043d\u0442\u0430\u043a\u0442\u043d\u0430\u044f \u0444\u043e\u0440\u043c\u0430\" novalidate=\"novalidate\" data-status=\"init\" data-trp-original-action=\"\/de\/wp-json\/wp\/v2\/pages\/46#wpcf7-f60-o1\">\n<div style=\"display: none;\">\n<input type=\"hidden\" name=\"_wpcf7\" value=\"60\" \/>\n<input type=\"hidden\" name=\"_wpcf7_version\" value=\"5.8\" \/>\n<input type=\"hidden\" name=\"_wpcf7_locale\" value=\"ru_RU\" \/>\n<input type=\"hidden\" name=\"_wpcf7_unit_tag\" value=\"wpcf7-f60-o1\" \/>\n<input type=\"hidden\" name=\"_wpcf7_container_post\" value=\"0\" \/>\n<input type=\"hidden\" name=\"_wpcf7_posted_data_hash\" value=\"\" \/>\n<\/div>\n<p><label> Das ist es<br \/>\n<span class=\"wpcf7-form-control-wrap\" data-name=\"your-name\"><input size=\"40\" class=\"wpcf7-form-control wpcf7-text wpcf7-validates-as-required\" autocomplete=\"name\" aria-required=\"true\" aria-invalid=\"false\" value=\"\" type=\"text\" name=\"your-name\" \/><\/span> <\/label>\n<\/p>\n<p><label> Ihre E-Mail<br \/>\n<span class=\"wpcf7-form-control-wrap\" data-name=\"your-email\"><input size=\"40\" class=\"wpcf7-form-control wpcf7-email wpcf7-validates-as-required wpcf7-text wpcf7-validates-as-email\" autocomplete=\"email\" aria-required=\"true\" aria-invalid=\"false\" value=\"\" type=\"email\" name=\"your-email\" \/><\/span> <\/label>\n<\/p>\n<p><label> Thema<br \/>\n<span class=\"wpcf7-form-control-wrap\" data-name=\"your-subject\"><input size=\"40\" class=\"wpcf7-form-control wpcf7-text wpcf7-validates-as-required\" aria-required=\"true\" aria-invalid=\"false\" value=\"\" type=\"text\" name=\"your-subject\" \/><\/span> <\/label>\n<\/p>\n<p><label> \u0412\u0430\u0448\u0435 \u0441\u043e\u043e\u0431\u0449\u0435\u043d\u0438\u0435 (nicht zwingend erforderlich)<br \/>\n<span class=\"wpcf7-form-control-wrap\" data-name=\"your-message\"><textarea cols=\"40\" rows=\"10\" class=\"wpcf7-form-control wpcf7-textarea\" aria-invalid=\"false\" name=\"your-message\"><\/textarea><\/span> <\/label>\n<\/p>\n<p><input class=\"wpcf7-form-control wpcf7-submit has-spinner\" type=\"submit\" value=\"\u00dcbertragen\" \/>\n<\/p><div class=\"wpcf7-response-output\" aria-hidden=\"true\"><\/div>\n<input type=\"hidden\" name=\"trp-form-language\" value=\"de\"\/><\/form>\n<\/div>\n\n<p>Sie k\u00f6nnen ein Formular f\u00fcr die Aufkl\u00e4rung und den Versand an unsere Kunden beantragen, es sei denn, Sie ben\u00f6tigen eine Genehmigung oder eine Genehmigung. Wir haben uns schon vor einiger Zeit mit Ihnen besch\u00e4ftigt und Ihre Vorschl\u00e4ge abgelehnt.<\/p>","protected":false},"excerpt":{"rendered":"<p>Ich verf\u00fcge \u00fcber Informationen \u00fcber die meisten popul\u00e4ren und gesicherten Daten f\u00fcr die \u00dcberwachung von Auditoren. Diese Nachrichten enthalten die gleichen aktuellen Nachrichten aus der Welt<\/p>","protected":false},"author":1,"featured_media":0,"parent":0,"menu_order":0,"comment_status":"closed","ping_status":"closed","template":"","meta":{"footnotes":""},"class_list":["post-46","page","type-page","status-publish","hentry"],"yoast_head":"<!-- This site is optimized with the Yoast SEO plugin v20.13 - https:\/\/yoast.com\/wordpress\/plugins\/seo\/ -->\n<title>\u041a\u043e\u043d\u0442\u0430\u043a\u0442\u044b - kesslerkeener<\/title>\n<meta name=\"robots\" content=\"index, follow, max-snippet:-1, max-image-preview:large, max-video-preview:-1\" \/>\n<link rel=\"canonical\" href=\"https:\/\/kesslerkeener.org\/de\/kontakty\/\" \/>\n<meta property=\"og:locale\" content=\"de_DE\" \/>\n<meta property=\"og:type\" content=\"article\" \/>\n<meta property=\"og:title\" content=\"\u041a\u043e\u043d\u0442\u0430\u043a\u0442\u044b - kesslerkeener\" \/>\n<meta property=\"og:description\" content=\"\u041c\u044b \u043f\u0440\u0435\u0434\u043e\u0441\u0442\u0430\u0432\u043b\u044f\u0435\u043c \u0438\u043d\u0444\u043e\u0440\u043c\u0430\u0446\u0438\u044e \u043e \u0441\u0430\u043c\u044b\u0445 \u043f\u043e\u043f\u0443\u043b\u044f\u0440\u043d\u044b\u0445 \u0438 \u0437\u0430\u0445\u0432\u0430\u0442\u044b\u0432\u0430\u044e\u0449\u0438\u0445 \u0447\u0430\u0442\u0430\u0445 \u0434\u043b\u044f \u0432\u0437\u0440\u043e\u0441\u043b\u043e\u0439 \u0430\u0443\u0434\u0438\u0442\u043e\u0440\u0438\u0438. \u041d\u0430\u0448\u0438 \u0441\u0442\u0430\u0442\u044c\u0438 \u043e\u0445\u0432\u0430\u0442\u044b\u0432\u0430\u044e\u0442 \u0441\u0430\u043c\u044b\u0435 \u0430\u043a\u0442\u0443\u0430\u043b\u044c\u043d\u044b\u0435 \u043d\u043e\u0432\u043e\u0441\u0442\u0438 \u0438\u0437 \u043c\u0438\u0440\u0430\" \/>\n<meta property=\"og:url\" content=\"https:\/\/kesslerkeener.org\/de\/kontakty\/\" \/>\n<meta property=\"og:site_name\" content=\"kesslerkeener\" \/>\n<meta property=\"article:modified_time\" content=\"2023-08-27T09:15:41+00:00\" \/>\n<meta name=\"twitter:card\" content=\"summary_large_image\" \/>\n<meta name=\"twitter:label1\" content=\"Gesch\u00e4tzte Lesezeit\" \/>\n\t<meta name=\"twitter:data1\" content=\"1\u00a0Minute\" \/>\n<script type=\"application\/ld+json\" class=\"yoast-schema-graph\">{\"@context\":\"https:\/\/schema.org\",\"@graph\":[{\"@type\":\"WebPage\",\"@id\":\"https:\/\/kesslerkeener.org\/kontakty\/\",\"url\":\"https:\/\/kesslerkeener.org\/kontakty\/\",\"name\":\"\u041a\u043e\u043d\u0442\u0430\u043a\u0442\u044b - kesslerkeener\",\"isPartOf\":{\"@id\":\"https:\/\/kesslerkeener.org\/#website\"},\"datePublished\":\"2023-08-08T16:57:18+00:00\",\"dateModified\":\"2023-08-27T09:15:41+00:00\",\"breadcrumb\":{\"@id\":\"https:\/\/kesslerkeener.org\/kontakty\/#breadcrumb\"},\"inLanguage\":\"de\",\"potentialAction\":[{\"@type\":\"ReadAction\",\"target\":[\"https:\/\/kesslerkeener.org\/kontakty\/\"]}]},{\"@type\":\"BreadcrumbList\",\"@id\":\"https:\/\/kesslerkeener.org\/kontakty\/#breadcrumb\",\"itemListElement\":[{\"@type\":\"ListItem\",\"position\":1,\"name\":\"\u0413\u043b\u0430\u0432\u043d\u0430\u044f \u0441\u0442\u0440\u0430\u043d\u0438\u0446\u0430\",\"item\":\"https:\/\/kesslerkeener.org\/\"},{\"@type\":\"ListItem\",\"position\":2,\"name\":\"\u041a\u043e\u043d\u0442\u0430\u043a\u0442\u044b\"}]},{\"@type\":\"WebSite\",\"@id\":\"https:\/\/kesslerkeener.org\/#website\",\"url\":\"https:\/\/kesslerkeener.org\/\",\"name\":\"kesslerkeener\",\"description\":\"kesslerkeener\",\"publisher\":{\"@id\":\"https:\/\/kesslerkeener.org\/#organization\"},\"potentialAction\":[{\"@type\":\"SearchAction\",\"target\":{\"@type\":\"EntryPoint\",\"urlTemplate\":\"https:\/\/kesslerkeener.org\/?s={search_term_string}\"},\"query-input\":\"required name=search_term_string\"}],\"inLanguage\":\"de\"},{\"@type\":\"Organization\",\"@id\":\"https:\/\/kesslerkeener.org\/#organization\",\"name\":\"kesslerkeener\",\"url\":\"https:\/\/kesslerkeener.org\/\",\"logo\":{\"@type\":\"ImageObject\",\"inLanguage\":\"de\",\"@id\":\"https:\/\/kesslerkeener.org\/#\/schema\/logo\/image\/\",\"url\":\"https:\/\/kesslerkeener.org\/wp-content\/uploads\/2023\/08\/logo-1.png\",\"contentUrl\":\"https:\/\/kesslerkeener.org\/wp-content\/uploads\/2023\/08\/logo-1.png\",\"width\":220,\"height\":26,\"caption\":\"kesslerkeener\"},\"image\":{\"@id\":\"https:\/\/kesslerkeener.org\/#\/schema\/logo\/image\/\"}}]}<\/script>\n<!-- \/ Yoast SEO plugin. -->","yoast_head_json":{"title":"\u041a\u043e\u043d\u0442\u0430\u043a\u0442\u044b - kesslerkeener","robots":{"index":"index","follow":"follow","max-snippet":"max-snippet:-1","max-image-preview":"max-image-preview:large","max-video-preview":"max-video-preview:-1"},"canonical":"https:\/\/kesslerkeener.org\/de\/kontakty\/","og_locale":"de_DE","og_type":"article","og_title":"\u041a\u043e\u043d\u0442\u0430\u043a\u0442\u044b - kesslerkeener","og_description":"\u041c\u044b \u043f\u0440\u0435\u0434\u043e\u0441\u0442\u0430\u0432\u043b\u044f\u0435\u043c \u0438\u043d\u0444\u043e\u0440\u043c\u0430\u0446\u0438\u044e \u043e \u0441\u0430\u043c\u044b\u0445 \u043f\u043e\u043f\u0443\u043b\u044f\u0440\u043d\u044b\u0445 \u0438 \u0437\u0430\u0445\u0432\u0430\u0442\u044b\u0432\u0430\u044e\u0449\u0438\u0445 \u0447\u0430\u0442\u0430\u0445 \u0434\u043b\u044f \u0432\u0437\u0440\u043e\u0441\u043b\u043e\u0439 \u0430\u0443\u0434\u0438\u0442\u043e\u0440\u0438\u0438. \u041d\u0430\u0448\u0438 \u0441\u0442\u0430\u0442\u044c\u0438 \u043e\u0445\u0432\u0430\u0442\u044b\u0432\u0430\u044e\u0442 \u0441\u0430\u043c\u044b\u0435 \u0430\u043a\u0442\u0443\u0430\u043b\u044c\u043d\u044b\u0435 \u043d\u043e\u0432\u043e\u0441\u0442\u0438 \u0438\u0437 \u043c\u0438\u0440\u0430","og_url":"https:\/\/kesslerkeener.org\/de\/kontakty\/","og_site_name":"kesslerkeener","article_modified_time":"2023-08-27T09:15:41+00:00","twitter_card":"summary_large_image","twitter_misc":{"Gesch\u00e4tzte Lesezeit":"1\u00a0Minute"},"schema":{"@context":"https:\/\/schema.org","@graph":[{"@type":"WebPage","@id":"https:\/\/kesslerkeener.org\/kontakty\/","url":"https:\/\/kesslerkeener.org\/kontakty\/","name":"\u041a\u043e\u043d\u0442\u0430\u043a\u0442\u044b - kesslerkeener","isPartOf":{"@id":"https:\/\/kesslerkeener.org\/#website"},"datePublished":"2023-08-08T16:57:18+00:00","dateModified":"2023-08-27T09:15:41+00:00","breadcrumb":{"@id":"https:\/\/kesslerkeener.org\/kontakty\/#breadcrumb"},"inLanguage":"de","potentialAction":[{"@type":"ReadAction","target":["https:\/\/kesslerkeener.org\/kontakty\/"]}]},{"@type":"BreadcrumbList","@id":"https:\/\/kesslerkeener.org\/kontakty\/#breadcrumb","itemListElement":[{"@type":"ListItem","position":1,"name":"\u0413\u043b\u0430\u0432\u043d\u0430\u044f \u0441\u0442\u0440\u0430\u043d\u0438\u0446\u0430","item":"https:\/\/kesslerkeener.org\/"},{"@type":"ListItem","position":2,"name":"\u041a\u043e\u043d\u0442\u0430\u043a\u0442\u044b"}]},{"@type":"WebSite","@id":"https:\/\/kesslerkeener.org\/#website","url":"https:\/\/kesslerkeener.org\/","name":"kesslerkeener","description":"kesslerkeener","publisher":{"@id":"https:\/\/kesslerkeener.org\/#organization"},"potentialAction":[{"@type":"SearchAction","target":{"@type":"EntryPoint","urlTemplate":"https:\/\/kesslerkeener.org\/?s={search_term_string}"},"query-input":"required name=search_term_string"}],"inLanguage":"de"},{"@type":"Organization","@id":"https:\/\/kesslerkeener.org\/#organization","name":"kesslerkeener","url":"https:\/\/kesslerkeener.org\/","logo":{"@type":"ImageObject","inLanguage":"de","@id":"https:\/\/kesslerkeener.org\/#\/schema\/logo\/image\/","url":"https:\/\/kesslerkeener.org\/wp-content\/uploads\/2023\/08\/logo-1.png","contentUrl":"https:\/\/kesslerkeener.org\/wp-content\/uploads\/2023\/08\/logo-1.png","width":220,"height":26,"caption":"kesslerkeener"},"image":{"@id":"https:\/\/kesslerkeener.org\/#\/schema\/logo\/image\/"}}]}},"_links":{"self":[{"href":"https:\/\/kesslerkeener.org\/de\/wp-json\/wp\/v2\/pages\/46","targetHints":{"allow":["GET"]}}],"collection":[{"href":"https:\/\/kesslerkeener.org\/de\/wp-json\/wp\/v2\/pages"}],"about":[{"href":"https:\/\/kesslerkeener.org\/de\/wp-json\/wp\/v2\/types\/page"}],"author":[{"embeddable":true,"href":"https:\/\/kesslerkeener.org\/de\/wp-json\/wp\/v2\/users\/1"}],"replies":[{"embeddable":true,"href":"https:\/\/kesslerkeener.org\/de\/wp-json\/wp\/v2\/comments?post=46"}],"version-history":[{"count":2,"href":"https:\/\/kesslerkeener.org\/de\/wp-json\/wp\/v2\/pages\/46\/revisions"}],"predecessor-version":[{"id":119,"href":"https:\/\/kesslerkeener.org\/de\/wp-json\/wp\/v2\/pages\/46\/revisions\/119"}],"wp:attachment":[{"href":"https:\/\/kesslerkeener.org\/de\/wp-json\/wp\/v2\/media?parent=46"}],"curies":[{"name":"wp","href":"https:\/\/api.w.org\/{rel}","templated":true}]}}